{"id":8,"date":"2025-10-05T12:32:57","date_gmt":"2025-10-05T12:32:57","guid":{"rendered":"https:\/\/3dofis.com\/index.php\/sepet\/"},"modified":"2025-10-08T13:34:56","modified_gmt":"2025-10-08T13:34:56","slug":"sepet","status":"publish","type":"page","link":"https:\/\/3dofis.com\/index.php\/sepet\/","title":{"rendered":"Sepet"},"content":{"rendered":"\n<div data-block-name=\"woocommerce\/cart\" class=\"wp-block-woocommerce-cart alignwide is-loading\">\n<div data-block-name=\"woocommerce\/filled-cart-block\" class=\"wp-block-woocommerce-filled-cart-block\">\n<div data-block-name=\"woocommerce\/cart-items-block\" class=\"wp-block-woocommerce-cart-items-block\">\n<div data-block-name=\"woocommerce\/cart-line-items-block\" class=\"wp-block-woocommerce-cart-line-items-block\"><\/div>\n\n\n<\/div>\n\n\n\n\n<div data-block-name=\"woocommerce\/cart-totals-block\" class=\"wp-block-woocommerce-cart-totals-block\">\n<div data-block-name=\"woocommerce\/cart-order-summary-block\" class=\"wp-block-woocommerce-cart-order-summary-block\">\n<div data-block-name=\"woocommerce\/cart-order-summary-heading-block\" class=\"wp-block-woocommerce-cart-order-summary-heading-block\"><\/div><div data-block-name=\"woocommerce\/cart-order-summary-coupon-form-block\" class=\"wp-block-woocommerce-cart-order-summary-coupon-form-block\"><\/div><div data-block-name=\"woocommerce\/cart-order-summary-totals-block\" class=\"wp-block-woocommerce-cart-order-summary-totals-block\">\n<div data-block-name=\"woocommerce\/cart-order-summary-subtotal-block\" class=\"wp-block-woocommerce-cart-order-summary-subtotal-block\"><\/div>\n<div data-block-name=\"woocommerce\/cart-order-summary-discount-block\" class=\"wp-block-woocommerce-cart-order-summary-discount-block\"><\/div>\n<div data-block-name=\"woocommerce\/cart-order-summary-fee-block\" class=\"wp-block-woocommerce-cart-order-summary-fee-block\"><\/div>\n<div data-block-name=\"woocommerce\/cart-order-summary-shipping-block\" class=\"wp-block-woocommerce-cart-order-summary-shipping-block\"><\/div>\n<div data-block-name=\"woocommerce\/cart-order-summary-taxes-block\" class=\"wp-block-woocommerce-cart-order-summary-taxes-block\"><\/div><\/div>\n<\/div>\n\n\n\n<div data-block-name=\"woocommerce\/cart-express-payment-block\" class=\"wp-block-woocommerce-cart-express-payment-block\"><\/div>\n\n\n\n<div data-block-name=\"woocommerce\/proceed-to-checkout-block\" class=\"wp-block-woocommerce-proceed-to-checkout-block\"><\/div>\n\n\n\n<div data-block-name=\"woocommerce\/cart-accepted-payment-methods-block\" class=\"wp-block-woocommerce-cart-accepted-payment-methods-block\"><\/div>\n<\/div>\n<\/div>\n\n\n\n<div data-block-name=\"woocommerce\/empty-cart-block\" class=\"wp-block-woocommerce-empty-cart-block\">\n<h2 class=\"wp-block-heading has-text-align-center with-empty-cart-icon wc-block-cart__empty-cart__title\">Sepetiniz \u015fu anda bo\u015f!<\/h2>\n\n\n\n<hr class=\"wp-block-separator has-alpha-channel-opacity is-style-dots\"\/>\n\n\n\n<h2 class=\"wp-block-heading has-text-align-center\">Ma\u011fazada yeni<\/h2>\n\n\n<div data-block-name=\"woocommerce\/product-new\" data-columns=\"4\" data-rows=\"1\" class=\"wc-block-grid wp-block-product-new wp-block-woocommerce-product-new wc-block-product-new has-4-columns\"><ul class=\"wc-block-grid__products\"><li class=\"wc-block-grid__product\">\n\t\t\t\t<a href=\"https:\/\/3dofis.com\/index.php\/urun\/mandala-tasarimli-artisan-ev-aldiran-sans-ve-guc-fili-biblosu\/\" class=\"wc-block-grid__product-link\">\n\t\t\t\t\t\n\t\t\t\t\t<div class=\"wc-block-grid__product-image\"><img fetchpriority=\"high\" decoding=\"async\" width=\"300\" height=\"300\" src=\"https:\/\/3dofis.com\/wp-content\/uploads\/2025\/11\/IMG_3303-300x300.webp\" class=\"attachment-woocommerce_thumbnail size-woocommerce_thumbnail\" alt=\"Mandala Tasar\u0131ml\u0131 Artisan Ev Ald\u0131ran \u015eans ve G\u00fc\u00e7 Fili Biblosu\" srcset=\"https:\/\/3dofis.com\/wp-content\/uploads\/2025\/11\/IMG_3303-300x300.webp 300w, https:\/\/3dofis.com\/wp-content\/uploads\/2025\/11\/IMG_3303-150x150.webp 150w, https:\/\/3dofis.com\/wp-content\/uploads\/2025\/11\/IMG_3303-100x100.webp 100w\" sizes=\"(max-width: 300px) 100vw, 300px\" \/><\/div>\n\t\t\t\t\t<div class=\"wc-block-grid__product-title\">Mandala Tasar\u0131ml\u0131 Artisan Ev Ald\u0131ran \u015eans ve G\u00fc\u00e7 Fili Biblosu<\/div>\n\t\t\t\t<\/a>\n\t\t\t\t<div class=\"wc-block-grid__product-price price\"><span class=\"woocommerce-Price-amount amount\"><span class=\"woocommerce-Price-currencySymbol\">&#8378;<\/span>900,00<\/span> <small class=\"woocommerce-price-suffix\">KDV Dahil<\/small><\/div>\n\t\t\t\t\n\t\t\t\t<div class=\"wp-block-button wc-block-grid__product-add-to-cart\"><a href=\"\/index.php\/wp-json\/wp\/v2\/pages\/8?add-to-cart=538\" aria-label=\"Sepete ekle: \u201cMandala Tasar\u0131ml\u0131 Artisan Ev Ald\u0131ran \u015eans ve G\u00fc\u00e7 Fili Biblosu\u201d\" data-quantity=\"1\" data-product_id=\"538\" data-product_sku=\"\" data-price=\"900\" rel=\"nofollow\" class=\"wp-block-button__link  add_to_cart_button ajax_add_to_cart\">Sepete Ekle<\/a><\/div>\n\t\t\t<\/li><li class=\"wc-block-grid__product\">\n\t\t\t\t<a href=\"https:\/\/3dofis.com\/index.php\/urun\/dekoratif-etnik-desenli-at-figuru-el-boyamasi-siyah-gumus-eskitme\/\" class=\"wc-block-grid__product-link\">\n\t\t\t\t\t\n\t\t\t\t\t<div class=\"wc-block-grid__product-image\"><img decoding=\"async\" width=\"300\" height=\"300\" src=\"https:\/\/3dofis.com\/wp-content\/uploads\/2025\/11\/dekoratifat-300x300.webp\" class=\"attachment-woocommerce_thumbnail size-woocommerce_thumbnail\" alt=\"Dekoratif Etnik Desenli At Fig\u00fcr\u00fc - El Boyamas\u0131 Siyah &amp; G\u00fcm\u00fc\u015f Eskitme\" srcset=\"https:\/\/3dofis.com\/wp-content\/uploads\/2025\/11\/dekoratifat-300x300.webp 300w, https:\/\/3dofis.com\/wp-content\/uploads\/2025\/11\/dekoratifat-150x150.webp 150w, https:\/\/3dofis.com\/wp-content\/uploads\/2025\/11\/dekoratifat-768x768.webp 768w, https:\/\/3dofis.com\/wp-content\/uploads\/2025\/11\/dekoratifat-600x600.webp 600w, https:\/\/3dofis.com\/wp-content\/uploads\/2025\/11\/dekoratifat-100x100.webp 100w, https:\/\/3dofis.com\/wp-content\/uploads\/2025\/11\/dekoratifat.webp 864w\" sizes=\"(max-width: 300px) 100vw, 300px\" \/><\/div>\n\t\t\t\t\t<div class=\"wc-block-grid__product-title\">Dekoratif Etnik Desenli At Fig\u00fcr\u00fc &#8211; El Boyamas\u0131 Siyah &amp; G\u00fcm\u00fc\u015f Eskitme<\/div>\n\t\t\t\t<\/a>\n\t\t\t\t<div class=\"wc-block-grid__product-price price\"><span class=\"woocommerce-Price-amount amount\"><span class=\"woocommerce-Price-currencySymbol\">&#8378;<\/span>900,00<\/span> <small class=\"woocommerce-price-suffix\">KDV Dahil<\/small><\/div>\n\t\t\t\t\n\t\t\t\t<div class=\"wp-block-button wc-block-grid__product-add-to-cart\"><a href=\"\/index.php\/wp-json\/wp\/v2\/pages\/8?add-to-cart=545\" aria-label=\"Sepete ekle: \u201cDekoratif Etnik Desenli At Fig\u00fcr\u00fc - El Boyamas\u0131 Siyah &amp; G\u00fcm\u00fc\u015f Eskitme\u201d\" data-quantity=\"1\" data-product_id=\"545\" data-product_sku=\"\" data-price=\"900\" rel=\"nofollow\" class=\"wp-block-button__link  add_to_cart_button ajax_add_to_cart\">Sepete Ekle<\/a><\/div>\n\t\t\t<\/li><li class=\"wc-block-grid__product\">\n\t\t\t\t<a href=\"https:\/\/3dofis.com\/index.php\/urun\/4u-1-arada-telefon-saat-kablosuz-kulaklik-usb-flash-bellek-standi\/\" class=\"wc-block-grid__product-link\">\n\t\t\t\t\t\n\t\t\t\t\t<div class=\"wc-block-grid__product-image\"><img decoding=\"async\" width=\"300\" height=\"300\" src=\"https:\/\/3dofis.com\/wp-content\/uploads\/2025\/10\/Siyah-stand-300x300.webp\" class=\"attachment-woocommerce_thumbnail size-woocommerce_thumbnail\" alt=\"4&#039;\u00fc 1 arada telefon, saat, kablosuz kulakl\u0131k, usb flash bellek stand\u0131\" srcset=\"https:\/\/3dofis.com\/wp-content\/uploads\/2025\/10\/Siyah-stand-300x300.webp 300w, https:\/\/3dofis.com\/wp-content\/uploads\/2025\/10\/Siyah-stand-150x150.webp 150w, https:\/\/3dofis.com\/wp-content\/uploads\/2025\/10\/Siyah-stand-768x768.webp 768w, https:\/\/3dofis.com\/wp-content\/uploads\/2025\/10\/Siyah-stand-600x600.webp 600w, https:\/\/3dofis.com\/wp-content\/uploads\/2025\/10\/Siyah-stand-100x100.webp 100w, https:\/\/3dofis.com\/wp-content\/uploads\/2025\/10\/Siyah-stand.webp 864w\" sizes=\"(max-width: 300px) 100vw, 300px\" \/><\/div>\n\t\t\t\t\t<div class=\"wc-block-grid__product-title\">4&#8217;\u00fc 1 arada telefon, saat, kablosuz kulakl\u0131k, usb flash bellek stand\u0131<\/div>\n\t\t\t\t<\/a>\n\t\t\t\t<div class=\"wc-block-grid__product-price price\"><span class=\"woocommerce-Price-amount amount\" aria-hidden=\"true\"><span class=\"woocommerce-Price-currencySymbol\">&#8378;<\/span>600,00<\/span> <span aria-hidden=\"true\"> \u2013 <\/span> <span class=\"woocommerce-Price-amount amount\" aria-hidden=\"true\"><span class=\"woocommerce-Price-currencySymbol\">&#8378;<\/span>900,00<\/span><span class=\"screen-reader-text\">Fiyat aral\u0131\u011f\u0131: &#8378;600,00 &#8211; &#8378;900,00<\/span> <small class=\"woocommerce-price-suffix\">KDV Dahil<\/small><\/div>\n\t\t\t\t\n\t\t\t\t<div class=\"wp-block-button wc-block-grid__product-add-to-cart\"><a href=\"https:\/\/3dofis.com\/index.php\/urun\/4u-1-arada-telefon-saat-kablosuz-kulaklik-usb-flash-bellek-standi\/\" aria-label=\"&ldquo;4&#039;\u00fc 1 arada telefon, saat, kablosuz kulakl\u0131k, usb flash bellek stand\u0131&rdquo; i\u00e7in se\u00e7enekleri se\u00e7in\" data-quantity=\"1\" data-product_id=\"490\" data-product_sku=\"\" data-price=\"600\" rel=\"nofollow\" class=\"wp-block-button__link  add_to_cart_button\">Se\u00e7enekler<\/a><\/div>\n\t\t\t<\/li><li class=\"wc-block-grid__product\">\n\t\t\t\t<a href=\"https:\/\/3dofis.com\/index.php\/urun\/kalp-figurlu-soyut-heykel\/\" class=\"wc-block-grid__product-link\">\n\t\t\t\t\t\n\t\t\t\t\t<div class=\"wc-block-grid__product-image\"><img loading=\"lazy\" decoding=\"async\" width=\"300\" height=\"300\" src=\"https:\/\/3dofis.com\/wp-content\/uploads\/2025\/10\/romantik-cift-biblo-300x300.webp\" class=\"attachment-woocommerce_thumbnail size-woocommerce_thumbnail\" alt=\"Kalp Fig\u00fcrl\u00fc Soyut Heykel\" srcset=\"https:\/\/3dofis.com\/wp-content\/uploads\/2025\/10\/romantik-cift-biblo-300x300.webp 300w, https:\/\/3dofis.com\/wp-content\/uploads\/2025\/10\/romantik-cift-biblo-150x150.webp 150w, https:\/\/3dofis.com\/wp-content\/uploads\/2025\/10\/romantik-cift-biblo-100x100.webp 100w\" sizes=\"(max-width: 300px) 100vw, 300px\" \/><\/div>\n\t\t\t\t\t<div class=\"wc-block-grid__product-title\">Kalp Fig\u00fcrl\u00fc Soyut Heykel<\/div>\n\t\t\t\t<\/a>\n\t\t\t\t<div class=\"wc-block-grid__product-price price\"><span class=\"woocommerce-Price-amount amount\"><span class=\"woocommerce-Price-currencySymbol\">&#8378;<\/span>900,00<\/span> <small class=\"woocommerce-price-suffix\">KDV Dahil<\/small><\/div>\n\t\t\t\t\n\t\t\t\t<div class=\"wp-block-button wc-block-grid__product-add-to-cart\"><a href=\"\/index.php\/wp-json\/wp\/v2\/pages\/8?add-to-cart=301\" aria-label=\"Sepete ekle: \u201cKalp Fig\u00fcrl\u00fc Soyut Heykel\u201d\" data-quantity=\"1\" data-product_id=\"301\" data-product_sku=\"3DOFISKFH2025001\" data-price=\"900\" rel=\"nofollow\" class=\"wp-block-button__link  add_to_cart_button ajax_add_to_cart\">Sepete Ekle<\/a><\/div>\n\t\t\t<\/li><\/ul><\/div><\/div>\n<\/div>\n","protected":false},"excerpt":{"rendered":"","protected":false},"author":1,"featured_media":0,"parent":0,"menu_order":0,"comment_status":"closed","ping_status":"closed","template":"","meta":{"site-sidebar-layout":"default","site-content-layout":"","ast-site-content-layout":"default","site-content-style":"default","site-sidebar-style":"default","ast-global-header-display":"","ast-banner-title-visibility":"","ast-main-header-display":"","ast-hfb-above-header-display":"","ast-hfb-below-header-display":"","ast-hfb-mobile-header-display":"","site-post-title":"","ast-breadcrumbs-content":"","ast-featured-img":"","footer-sml-layout":"","ast-disable-related-posts":"","theme-transparent-header-meta":"","adv-header-id-meta":"","stick-header-meta":"","header-above-stick-meta":"","header-main-stick-meta":"","header-below-stick-meta":"","astra-migrate-meta-layouts":"default","ast-page-background-enabled":"default","ast-page-background-meta":{"desktop":{"background-color":"var(--ast-global-color-5)","background-image":"","background-repeat":"repeat","background-position":"center center","background-size":"auto","background-attachment":"scroll","background-type":"","background-media":"","overlay-type":"","overlay-color":"","overlay-opacity":"","overlay-gradient":""},"tablet":{"background-color":"","background-image":"","background-repeat":"repeat","background-position":"center center","background-size":"auto","background-attachment":"scroll","background-type":"","background-media":"","overlay-type":"","overlay-color":"","overlay-opacity":"","overlay-gradient":""},"mobile":{"background-color":"","background-image":"","background-repeat":"repeat","background-position":"center center","background-size":"auto","background-attachment":"scroll","background-type":"","background-media":"","overlay-type":"","overlay-color":"","overlay-opacity":"","overlay-gradient":""}},"ast-content-background-meta":{"desktop":{"background-color":"var(--ast-global-color-4)","background-image":"","background-repeat":"repeat","background-position":"center center","background-size":"auto","background-attachment":"scroll","background-type":"","background-media":"","overlay-type":"","overlay-color":"","overlay-opacity":"","overlay-gradient":""},"tablet":{"background-color":"var(--ast-global-color-4)","background-image":"","background-repeat":"repeat","background-position":"center center","background-size":"auto","background-attachment":"scroll","background-type":"","background-media":"","overlay-type":"","overlay-color":"","overlay-opacity":"","overlay-gradient":""},"mobile":{"background-color":"var(--ast-global-color-4)","background-image":"","background-repeat":"repeat","background-position":"center center","background-size":"auto","background-attachment":"scroll","background-type":"","background-media":"","overlay-type":"","overlay-color":"","overlay-opacity":"","overlay-gradient":""}},"footnotes":""},"class_list":["post-8","page","type-page","status-publish","hentry"],"jetpack_sharing_enabled":true,"_links":{"self":[{"href":"https:\/\/3dofis.com\/index.php\/wp-json\/wp\/v2\/pages\/8","targetHints":{"allow":["GET"]}}],"collection":[{"href":"https:\/\/3dofis.com\/index.php\/wp-json\/wp\/v2\/pages"}],"about":[{"href":"https:\/\/3dofis.com\/index.php\/wp-json\/wp\/v2\/types\/page"}],"author":[{"embeddable":true,"href":"https:\/\/3dofis.com\/index.php\/wp-json\/wp\/v2\/users\/1"}],"replies":[{"embeddable":true,"href":"https:\/\/3dofis.com\/index.php\/wp-json\/wp\/v2\/comments?post=8"}],"version-history":[{"count":1,"href":"https:\/\/3dofis.com\/index.php\/wp-json\/wp\/v2\/pages\/8\/revisions"}],"predecessor-version":[{"id":207,"href":"https:\/\/3dofis.com\/index.php\/wp-json\/wp\/v2\/pages\/8\/revisions\/207"}],"wp:attachment":[{"href":"https:\/\/3dofis.com\/index.php\/wp-json\/wp\/v2\/media?parent=8"}],"curies":[{"name":"wp","href":"https:\/\/api.w.org\/{rel}","templated":true}]}}