{"id":296,"date":"2025-10-09T20:40:19","date_gmt":"2025-10-09T20:40:19","guid":{"rendered":"https:\/\/3dofis.com\/?post_type=product&#038;p=296"},"modified":"2026-04-12T17:38:44","modified_gmt":"2026-04-12T17:38:44","slug":"kalpli-kedicik-vazo","status":"publish","type":"product","link":"https:\/\/3dofis.com\/index.php\/urun\/kalpli-kedicik-vazo\/","title":{"rendered":"Kalpli kedicik vazo"},"content":{"rendered":"<p>Kalpli Kedi Fig\u00fcrl\u00fc Dekoratif Vazo, sevimli tasar\u0131m\u0131yla hem g\u00f6z al\u0131c\u0131 bir obje hem de anlam y\u00fckl\u00fc bir dekor par\u00e7as\u0131. Burun buruna duran iki \u00f6rg\u00fc kedi fig\u00fcr\u00fc, aralar\u0131ndaki kalple sevgi ve dostlu\u011fu simgelerken; arka k\u0131sm\u0131ndaki gizli hazne sayesinde \u00e7i\u00e7ek yerle\u015ftirmek i\u00e7in ideal bir vazo i\u015flevi g\u00f6r\u00fcr. Pastel tonlar\u0131, yumu\u015fak dokusu ve romantik duru\u015fuyla ister salonunuzda ister ofis k\u00f6\u015fenizde s\u0131cak bir atmosfer yarat\u0131r. \u00d6zellikle hediye arayanlar i\u00e7in duygusal ve estetik bir se\u00e7enek sunar. Kalp k\u0131sm\u0131na isimlerinizin ba\u015f harfleri eklenerek unutulmaz bir hediye olabilir.<\/p>\n","protected":false},"excerpt":{"rendered":"<p>Sevgi dolu tasar\u0131m\u0131yla dikkat \u00e7eken bu \u00f6rg\u00fc kedi fig\u00fcrl\u00fc vazo, hem dekoratif hem i\u015flevsel bir detay olarak ya\u015fam alan\u0131n\u0131za s\u0131cakl\u0131k kat\u0131yor. \u00dczerine sevdi\u011finizin ad\u0131n\u0131 da yazd\u0131rarak unutulmaz bir hediye haline getirebilirsiniz.<\/p>\n<p>Bu site <a href=\"https:\/\/3dofis.com\/index.php\/3d-ofis-com\/ssl-sertifikasi\/\">SSL sertifikas\u0131<\/a> ile korunmaktad\u0131r. T\u00fcm \u00f6demeler g\u00fcvenli ba\u011flant\u0131 \u00fczerinden yap\u0131l\u0131r.<\/p>\n","protected":false},"featured_media":297,"comment_status":"open","ping_status":"closed","template":"","meta":{"site-sidebar-layout":"default","site-content-layout":"","ast-site-content-layout":"default","site-content-style":"default","site-sidebar-style":"default","ast-global-header-display":"","ast-banner-title-visibility":"","ast-main-header-display":"","ast-hfb-above-header-display":"","ast-hfb-below-header-display":"","ast-hfb-mobile-header-display":"","site-post-title":"","ast-breadcrumbs-content":"","ast-featured-img":"","footer-sml-layout":"","ast-disable-related-posts":"","theme-transparent-header-meta":"default","adv-header-id-meta":"","stick-header-meta":"","header-above-stick-meta":"","header-main-stick-meta":"","header-below-stick-meta":"","astra-migrate-meta-layouts":"set","ast-page-background-enabled":"default","ast-page-background-meta":{"desktop":{"background-color":"var(--ast-global-color-5)","background-image":"","background-repeat":"repeat","background-position":"center center","background-size":"auto","background-attachment":"scroll","background-type":"","background-media":"","overlay-type":"","overlay-color":"","overlay-opacity":"","overlay-gradient":""},"tablet":{"background-color":"","background-image":"","background-repeat":"repeat","background-position":"center center","background-size":"auto","background-attachment":"scroll","background-type":"","background-media":"","overlay-type":"","overlay-color":"","overlay-opacity":"","overlay-gradient":""},"mobile":{"background-color":"","background-image":"","background-repeat":"repeat","background-position":"center center","background-size":"auto","background-attachment":"scroll","background-type":"","background-media":"","overlay-type":"","overlay-color":"","overlay-opacity":"","overlay-gradient":""}},"ast-content-background-meta":{"desktop":{"background-color":"var(--ast-global-color-4)","background-image":"","background-repeat":"repeat","background-position":"center center","background-size":"auto","background-attachment":"scroll","background-type":"","background-media":"","overlay-type":"","overlay-color":"","overlay-opacity":"","overlay-gradient":""},"tablet":{"background-color":"var(--ast-global-color-4)","background-image":"","background-repeat":"repeat","background-position":"center center","background-size":"auto","background-attachment":"scroll","background-type":"","background-media":"","overlay-type":"","overlay-color":"","overlay-opacity":"","overlay-gradient":""},"mobile":{"background-color":"var(--ast-global-color-4)","background-image":"","background-repeat":"repeat","background-position":"center center","background-size":"auto","background-attachment":"scroll","background-type":"","background-media":"","overlay-type":"","overlay-color":"","overlay-opacity":"","overlay-gradient":""}}},"product_brand":[],"product_cat":[43],"product_tag":[],"class_list":{"0":"post-296","1":"product","2":"type-product","3":"status-publish","4":"has-post-thumbnail","6":"product_cat-tasarim-saksi","7":"desktop-align-left","8":"tablet-align-left","9":"mobile-align-left","11":"first","12":"instock","13":"taxable","14":"shipping-taxable","15":"purchasable","16":"product-type-variable"},"jetpack_sharing_enabled":true,"_links":{"self":[{"href":"https:\/\/3dofis.com\/index.php\/wp-json\/wp\/v2\/product\/296","targetHints":{"allow":["GET"]}}],"collection":[{"href":"https:\/\/3dofis.com\/index.php\/wp-json\/wp\/v2\/product"}],"about":[{"href":"https:\/\/3dofis.com\/index.php\/wp-json\/wp\/v2\/types\/product"}],"replies":[{"embeddable":true,"href":"https:\/\/3dofis.com\/index.php\/wp-json\/wp\/v2\/comments?post=296"}],"wp:featuredmedia":[{"embeddable":true,"href":"https:\/\/3dofis.com\/index.php\/wp-json\/wp\/v2\/media\/297"}],"wp:attachment":[{"href":"https:\/\/3dofis.com\/index.php\/wp-json\/wp\/v2\/media?parent=296"}],"wp:term":[{"taxonomy":"product_brand","embeddable":true,"href":"https:\/\/3dofis.com\/index.php\/wp-json\/wp\/v2\/product_brand?post=296"},{"taxonomy":"product_cat","embeddable":true,"href":"https:\/\/3dofis.com\/index.php\/wp-json\/wp\/v2\/product_cat?post=296"},{"taxonomy":"product_tag","embeddable":true,"href":"https:\/\/3dofis.com\/index.php\/wp-json\/wp\/v2\/product_tag?post=296"}],"curies":[{"name":"wp","href":"https:\/\/api.w.org\/{rel}","templated":true}]}}