{"id":301,"date":"2025-10-09T21:06:06","date_gmt":"2025-10-09T21:06:06","guid":{"rendered":"https:\/\/3dofis.com\/?post_type=product&#038;p=301"},"modified":"2026-04-12T17:38:44","modified_gmt":"2026-04-12T17:38:44","slug":"kalp-figurlu-soyut-heykel","status":"publish","type":"product","link":"https:\/\/3dofis.com\/index.php\/urun\/kalp-figurlu-soyut-heykel\/","title":{"rendered":"Kalp Fig\u00fcrl\u00fc Soyut Heykel"},"content":{"rendered":"<p>\u201cBirlik Formu\u201d heykeli, minimalist \u00e7izgilerle tasarlanm\u0131\u015f iki insan fig\u00fcr\u00fcn\u00fcn kalp \u015feklinde birle\u015fmesiyle ortaya \u00e7\u0131kan g\u00fc\u00e7l\u00fc bir sembolizm sunar. Detays\u0131z y\u00fczler ve ak\u0131c\u0131 hatlar, duyguyu sade bir estetikle yans\u0131t\u0131r. Siyah dokulu y\u00fczeyiyle modern dekorasyonlara uyum sa\u011flar; ister evinizde ister ofisinizde anlaml\u0131 bir atmosfer yarat\u0131r. Sevgi, ba\u011fl\u0131l\u0131k ve birliktelik temal\u0131 hediyeler arayanlar i\u00e7in ideal bir se\u00e7imdir.<\/p>\n","protected":false},"excerpt":{"rendered":"<p>\u0130ki fig\u00fcr\u00fcn kalp formunda birle\u015fti\u011fi bu soyut heykel, sevgi ve uyumu simgeleyen zarif bir dekor par\u00e7as\u0131d\u0131r.<\/p>\n<p>Bu site <a href=\"https:\/\/3dofis.com\/index.php\/3d-ofis-com\/ssl-sertifikasi\/\">SSL sertifikas\u0131<\/a> ile korunmaktad\u0131r. T\u00fcm \u00f6demeler g\u00fcvenli ba\u011flant\u0131 \u00fczerinden yap\u0131l\u0131r.<\/p>\n","protected":false},"featured_media":303,"comment_status":"open","ping_status":"closed","template":"","meta":{"site-sidebar-layout":"default","site-content-layout":"","ast-site-content-layout":"default","site-content-style":"default","site-sidebar-style":"default","ast-global-header-display":"","ast-banner-title-visibility":"","ast-main-header-display":"","ast-hfb-above-header-display":"","ast-hfb-below-header-display":"","ast-hfb-mobile-header-display":"","site-post-title":"","ast-breadcrumbs-content":"","ast-featured-img":"","footer-sml-layout":"","ast-disable-related-posts":"","theme-transparent-header-meta":"default","adv-header-id-meta":"","stick-header-meta":"","header-above-stick-meta":"","header-main-stick-meta":"","header-below-stick-meta":"","astra-migrate-meta-layouts":"set","ast-page-background-enabled":"default","ast-page-background-meta":{"desktop":{"background-color":"var(--ast-global-color-5)","background-image":"","background-repeat":"repeat","background-position":"center center","background-size":"auto","background-attachment":"scroll","background-type":"","background-media":"","overlay-type":"","overlay-color":"","overlay-opacity":"","overlay-gradient":""},"tablet":{"background-color":"","background-image":"","background-repeat":"repeat","background-position":"center center","background-size":"auto","background-attachment":"scroll","background-type":"","background-media":"","overlay-type":"","overlay-color":"","overlay-opacity":"","overlay-gradient":""},"mobile":{"background-color":"","background-image":"","background-repeat":"repeat","background-position":"center center","background-size":"auto","background-attachment":"scroll","background-type":"","background-media":"","overlay-type":"","overlay-color":"","overlay-opacity":"","overlay-gradient":""}},"ast-content-background-meta":{"desktop":{"background-color":"var(--ast-global-color-4)","background-image":"","background-repeat":"repeat","background-position":"center center","background-size":"auto","background-attachment":"scroll","background-type":"","background-media":"","overlay-type":"","overlay-color":"","overlay-opacity":"","overlay-gradient":""},"tablet":{"background-color":"var(--ast-global-color-4)","background-image":"","background-repeat":"repeat","background-position":"center center","background-size":"auto","background-attachment":"scroll","background-type":"","background-media":"","overlay-type":"","overlay-color":"","overlay-opacity":"","overlay-gradient":""},"mobile":{"background-color":"var(--ast-global-color-4)","background-image":"","background-repeat":"repeat","background-position":"center center","background-size":"auto","background-attachment":"scroll","background-type":"","background-media":"","overlay-type":"","overlay-color":"","overlay-opacity":"","overlay-gradient":""}}},"product_brand":[],"product_cat":[41],"product_tag":[],"class_list":{"0":"post-301","1":"product","2":"type-product","3":"status-publish","4":"has-post-thumbnail","6":"product_cat-tasarim-biblo","7":"product_shipping_class-standart","8":"desktop-align-left","9":"tablet-align-left","10":"mobile-align-left","12":"first","13":"instock","14":"taxable","15":"shipping-taxable","16":"purchasable","17":"product-type-simple"},"jetpack_sharing_enabled":true,"_links":{"self":[{"href":"https:\/\/3dofis.com\/index.php\/wp-json\/wp\/v2\/product\/301","targetHints":{"allow":["GET"]}}],"collection":[{"href":"https:\/\/3dofis.com\/index.php\/wp-json\/wp\/v2\/product"}],"about":[{"href":"https:\/\/3dofis.com\/index.php\/wp-json\/wp\/v2\/types\/product"}],"replies":[{"embeddable":true,"href":"https:\/\/3dofis.com\/index.php\/wp-json\/wp\/v2\/comments?post=301"}],"wp:featuredmedia":[{"embeddable":true,"href":"https:\/\/3dofis.com\/index.php\/wp-json\/wp\/v2\/media\/303"}],"wp:attachment":[{"href":"https:\/\/3dofis.com\/index.php\/wp-json\/wp\/v2\/media?parent=301"}],"wp:term":[{"taxonomy":"product_brand","embeddable":true,"href":"https:\/\/3dofis.com\/index.php\/wp-json\/wp\/v2\/product_brand?post=301"},{"taxonomy":"product_cat","embeddable":true,"href":"https:\/\/3dofis.com\/index.php\/wp-json\/wp\/v2\/product_cat?post=301"},{"taxonomy":"product_tag","embeddable":true,"href":"https:\/\/3dofis.com\/index.php\/wp-json\/wp\/v2\/product_tag?post=301"}],"curies":[{"name":"wp","href":"https:\/\/api.w.org\/{rel}","templated":true}]}}